{"id":2871,"date":"2022-01-16T11:16:48","date_gmt":"2022-01-16T11:16:48","guid":{"rendered":"https:\/\/www.ppdexpo.hu\/?page_id=2871"},"modified":"2024-11-26T23:12:49","modified_gmt":"2024-11-26T22:12:49","slug":"kapcsolat","status":"publish","type":"page","link":"https:\/\/www.ppdexpo.hu\/en\/kapcsolat\/","title":{"rendered":"Contact"},"content":{"rendered":"<div class=\"fusion-fullwidth fullwidth-box fusion-builder-row-1 fusion-flex-container nonhundred-percent-fullwidth non-hundred-percent-height-scrolling\" style=\"--awb-border-radius-top-left:0px;--awb-border-radius-top-right:0px;--awb-border-radius-bottom-right:0px;--awb-border-radius-bottom-left:0px;--awb-padding-top:0px;--awb-padding-right:0px;--awb-padding-bottom:0px;--awb-padding-left:5%;--awb-padding-top-small:60px;--awb-padding-right-small:5%;--awb-padding-left-small:5%;--awb-margin-bottom:0px;--awb-flex-wrap:wrap;\" ><div class=\"fusion-builder-row fusion-row fusion-flex-align-items-stretch fusion-flex-justify-content-center fusion-flex-content-wrap\" style=\"max-width:1216.8px;margin-left: calc(-4% \/ 2 );margin-right: calc(-4% \/ 2 );\"><div class=\"fusion-layout-column fusion_builder_column fusion-builder-column-0 fusion_builder_column_1_1 1_1 fusion-flex-column\" style=\"--awb-bg-size:cover;--awb-width-large:100%;--awb-margin-top-large:0px;--awb-spacing-right-large:1.92%;--awb-margin-bottom-large:0px;--awb-spacing-left-large:1.92%;--awb-width-medium:100%;--awb-order-medium:0;--awb-spacing-right-medium:1.92%;--awb-spacing-left-medium:1.92%;--awb-width-small:100%;--awb-order-small:0;--awb-spacing-right-small:1.92%;--awb-spacing-left-small:1.92%;\"><div class=\"fusion-column-wrapper fusion-column-has-shadow fusion-flex-justify-content-flex-start fusion-content-layout-column\"><div class=\"fusion-separator fusion-no-small-visibility fusion-full-width-sep\" style=\"align-self: center;margin-left: auto;margin-right: auto;margin-top:85px;width:100%;\"><\/div><div class=\"fusion-text fusion-text-1\"><div class=\"fusion-layout-column fusion_builder_column fusion-builder-column-0 fusion_builder_column_1_1 1_1 fusion-flex-column\">\n<div class=\"fusion-column-wrapper fusion-flex-justify-content-flex-start fusion-content-layout-column\">\n<div class=\"fusion-text fusion-text-1\">\n<h3 class=\"fusion-responsive-typography-calculated\" style=\"text-align: center;\" data-fontsize=\"32\" data-lineheight=\"44.8px\"><strong>If you need more information as an exhibitor or visitor, please contact us!<\/strong><\/h3>\n<\/div>\n<div class=\"fusion-separator fusion-no-small-visibility fusion-full-width-sep\"><\/div>\n<\/div>\n<\/div>\n<div class=\"fusion-layout-column fusion_builder_column fusion-builder-column-1 fusion_builder_column_2_3 2_3 fusion-flex-column\">\n<div class=\"fusion-column-wrapper fusion-flex-justify-content-flex-start fusion-content-layout-column\">\n<div id=\"wpcf7-f2933-p2871-o1\" class=\"wpcf7\" dir=\"ltr\" lang=\"hu-HU\" role=\"form\"><\/div>\n<\/div>\n<\/div>\n<\/div><\/div><\/div><div class=\"fusion-layout-column fusion_builder_column fusion-builder-column-1 fusion_builder_column_2_3 2_3 fusion-flex-column\" style=\"--awb-padding-bottom:60px;--awb-bg-size:cover;--awb-width-large:66.6666666667%;--awb-margin-top-large:0px;--awb-spacing-right-large:2.88%;--awb-margin-bottom-large:0px;--awb-spacing-left-large:2.88%;--awb-width-medium:100%;--awb-order-medium:0;--awb-spacing-right-medium:1.92%;--awb-spacing-left-medium:1.92%;--awb-width-small:100%;--awb-order-small:0;--awb-spacing-right-small:1.92%;--awb-spacing-left-small:1.92%;\"><div class=\"fusion-column-wrapper fusion-column-has-shadow fusion-flex-justify-content-flex-start fusion-content-layout-column\">\n<div class=\"wpcf7 no-js\" id=\"wpcf7-f2942-o1\" lang=\"hu-HU\" dir=\"ltr\" data-wpcf7-id=\"2942\">\n<div class=\"screen-reader-response\"><p role=\"status\" aria-live=\"polite\" aria-atomic=\"true\"><\/p> <ul><\/ul><\/div>\n<form action=\"\/en\/wp-json\/wp\/v2\/pages\/2871#wpcf7-f2942-o1\" method=\"post\" class=\"wpcf7-form init\" aria-label=\"Kapcsolatfelv\u00e9teli \u0171rlap\" novalidate=\"novalidate\" data-status=\"init\" data-trp-original-action=\"\/en\/wp-json\/wp\/v2\/pages\/2871#wpcf7-f2942-o1\">\n<fieldset class=\"hidden-fields-container\"><input type=\"hidden\" name=\"_wpcf7\" value=\"2942\" \/><input type=\"hidden\" name=\"_wpcf7_version\" value=\"6.1.5\" \/><input type=\"hidden\" name=\"_wpcf7_locale\" value=\"hu_HU\" \/><input type=\"hidden\" name=\"_wpcf7_unit_tag\" value=\"wpcf7-f2942-o1\" \/><input type=\"hidden\" name=\"_wpcf7_container_post\" value=\"0\" \/><input type=\"hidden\" name=\"_wpcf7_posted_data_hash\" value=\"\" \/>\n<\/fieldset>\n<p><strong>Please choose:<\/strong>\n<\/p>\n<p><span class=\"wpcf7-form-control-wrap\" data-name=\"erdeklodes-tipusa\"><span class=\"wpcf7-form-control wpcf7-radio\"><span class=\"wpcf7-list-item first\"><label><input type=\"radio\" name=\"erdeklodes-tipusa\" value=\"Ki\u00e1ll\u00edt\u00f3i \u00e9rdekl\u0151d\u00e9s\" checked=\"checked\" \/><span class=\"wpcf7-list-item-label\">Exhibitor interest<\/span><\/label><\/span><span class=\"wpcf7-list-item last\"><label><input type=\"radio\" name=\"erdeklodes-tipusa\" value=\"L\u00e1togat\u00f3i \u00e9rdekl\u0151d\u00e9s\" \/><span class=\"wpcf7-list-item-label\">Visitor interest<\/span><\/label><\/span><\/span><\/span>\n<\/p>\n<p><label> Name*<br \/>\n<span class=\"wpcf7-form-control-wrap\" data-name=\"your-name\"><input size=\"40\" maxlength=\"400\" class=\"wpcf7-form-control wpcf7-text wpcf7-validates-as-required\" aria-required=\"true\" aria-invalid=\"false\" value=\"\" type=\"text\" name=\"your-name\" \/><\/span> <\/label>\n<\/p>\n<p><label> Email address*<br \/>\n<span class=\"wpcf7-form-control-wrap\" data-name=\"your-email\"><input size=\"40\" maxlength=\"400\" class=\"wpcf7-form-control wpcf7-email wpcf7-validates-as-required wpcf7-text wpcf7-validates-as-email\" aria-required=\"true\" aria-invalid=\"false\" value=\"\" type=\"email\" name=\"your-email\" \/><\/span> <\/label>\n<\/p>\n<p><label> Company Name*<br \/>\n<span class=\"wpcf7-form-control-wrap\" data-name=\"your-cegnev\"><input size=\"40\" maxlength=\"400\" class=\"wpcf7-form-control wpcf7-text wpcf7-validates-as-required\" aria-required=\"true\" aria-invalid=\"false\" value=\"\" type=\"text\" name=\"your-cegnev\" \/><\/span> <\/label>\n<\/p>\n<p><label> Message (optional)<br \/>\n<span class=\"wpcf7-form-control-wrap\" data-name=\"your-message\"><textarea cols=\"40\" rows=\"10\" maxlength=\"2000\" class=\"wpcf7-form-control wpcf7-textarea\" aria-invalid=\"false\" name=\"your-message\"><\/textarea><\/span> <\/label>\n<\/p>\n<p><span class=\"wpcf7-form-control-wrap\" data-name=\"adatvedelem\"><span class=\"wpcf7-form-control wpcf7-acceptance\"><span class=\"wpcf7-list-item\"><label><input type=\"checkbox\" name=\"adatvedelem\" value=\"1\" id=\"adatvedelem-check\" aria-invalid=\"false\" \/><span class=\"wpcf7-list-item-label\">I consent to the processing of my voluntarily provided data by PPDExpo (organized by Technical Association of the Hungarian Paper\nand Printing Industry) for the purpose of answering my message and making contact. I declare that I have read and understood the\nInformation on Data Management and the information on the use of cookies, that I accept their contents, that I gave my consent voluntarily\nand after adequate information.<\/span><\/label><\/span><\/span><\/span>\n<\/p>\n<p><input class=\"wpcf7-form-control wpcf7-submit has-spinner\" type=\"submit\" value=\"Sending\" \/>\n<\/p><div class=\"fusion-alert alert custom alert-custom fusion-alert-center wpcf7-response-output fusion-alert-capitalize awb-alert-native-link-color alert-dismissable awb-alert-close-boxed\" style=\"--awb-border-top-left-radius:0px;--awb-border-top-right-radius:0px;--awb-border-bottom-left-radius:0px;--awb-border-bottom-right-radius:0px;\" role=\"alert\"><div class=\"fusion-alert-content-wrapper\"><span class=\"fusion-alert-content\"><\/span><\/div><button type=\"button\" class=\"close toggle-alert\" data-dismiss=\"alert\" aria-label=\"Close\">&times;<\/button><\/div>\n<input type=\"hidden\" name=\"trp-form-language\" value=\"en\"\/><\/form>\n<\/div>\n<\/div><\/div><div class=\"fusion-layout-column fusion_builder_column fusion-builder-column-2 fusion_builder_column_1_3 1_3 fusion-flex-column\" style=\"--awb-padding-bottom:60px;--awb-bg-size:cover;--awb-width-large:33.3333333333%;--awb-margin-top-large:0px;--awb-spacing-right-large:5.76%;--awb-margin-bottom-large:0px;--awb-spacing-left-large:5.76%;--awb-width-medium:100%;--awb-order-medium:0;--awb-spacing-right-medium:1.92%;--awb-spacing-left-medium:1.92%;--awb-width-small:100%;--awb-order-small:0;--awb-spacing-right-small:1.92%;--awb-spacing-left-small:1.92%;\"><div class=\"fusion-column-wrapper fusion-column-has-shadow fusion-flex-justify-content-flex-start fusion-content-layout-column\"><div class=\"fusion-separator fusion-no-small-visibility fusion-full-width-sep\" style=\"align-self: center;margin-left: auto;margin-right: auto;margin-top:10px;margin-bottom:10px;width:100%;\"><div class=\"fusion-separator-border sep-single sep-solid\" style=\"--awb-height:20px;--awb-amount:20px;border-color:#e0dede;border-top-width:1px;\"><\/div><\/div><div class=\"fusion-text fusion-text-2\"><p style=\"text-align: center;\"><strong>G\u00e1bor T\u00f3th - main organizer<\/strong><\/p>\n<p style=\"text-align: center;\">Tel: +36 30\/927-8317<br \/>\nE-Mail: <a href=\"mailto:toth@pnyme.hu\">toth@pnyme.hu<\/a><\/p>\n<\/div><div class=\"fusion-separator fusion-no-small-visibility fusion-full-width-sep\" style=\"align-self: center;margin-left: auto;margin-right: auto;margin-top:10px;margin-bottom:10px;width:100%;\"><div class=\"fusion-separator-border sep-single sep-solid\" style=\"--awb-height:20px;--awb-amount:20px;border-color:#e0dede;border-top-width:1px;\"><\/div><\/div><div class=\"fusion-text fusion-text-3\"><p style=\"text-align: center;\"><strong>Zolt\u00e1n Kiss \u2013 exhibition director<\/strong><\/p>\n<p style=\"text-align: center;\">Tel.: +36 20\/266-1969<br \/>\nE-mail:\u00a0<a href=\"mailto:ppdsignexpo@gmail.com\">ppdsignexpo@gmail.com<\/a><\/p>\n<\/div><div class=\"fusion-separator fusion-no-small-visibility fusion-full-width-sep\" style=\"align-self: center;margin-left: auto;margin-right: auto;margin-top:10px;margin-bottom:10px;width:100%;\"><div class=\"fusion-separator-border sep-single sep-solid\" style=\"--awb-height:20px;--awb-amount:20px;border-color:#e0dede;border-top-width:1px;\"><\/div><\/div><div class=\"fusion-text fusion-text-4\"><p><img decoding=\"async\" class=\"wp-image-3345 aligncenter\" src=\"https:\/\/www.ppdexpo.hu\/wp-content\/uploads\/2024\/11\/NYPSZ_PNYME_kozos-logo.png\" alt=\"\" width=\"242\" height=\"137\" srcset=\"https:\/\/www.ppdexpo.hu\/wp-content\/uploads\/2024\/11\/NYPSZ_PNYME_kozos-logo-200x113.png 200w, https:\/\/www.ppdexpo.hu\/wp-content\/uploads\/2024\/11\/NYPSZ_PNYME_kozos-logo-400x226.png 400w, https:\/\/www.ppdexpo.hu\/wp-content\/uploads\/2024\/11\/NYPSZ_PNYME_kozos-logo-600x339.png 600w, https:\/\/www.ppdexpo.hu\/wp-content\/uploads\/2024\/11\/NYPSZ_PNYME_kozos-logo-768x434.png 768w, https:\/\/www.ppdexpo.hu\/wp-content\/uploads\/2024\/11\/NYPSZ_PNYME_kozos-logo-800x452.png 800w, https:\/\/www.ppdexpo.hu\/wp-content\/uploads\/2024\/11\/NYPSZ_PNYME_kozos-logo.png 1005w\" sizes=\"(max-width: 242px) 100vw, 242px\" \/><\/p>\n<p style=\"text-align: center;\"><strong>Paper and Printing Industry Technical Association<\/strong><\/p>\n<p style=\"text-align: center;\">Address: Bart\u00f3k B\u00e9la \u00fat 41. fszt 6., 1114 Budapest, Hungary<\/p>\n<p style=\"text-align: center;\">Tel: +36 30\/927-8317<br \/>\nE-Mail: <a href=\"mailto:titkarsag@pnyme.hu\">titkarsag@pnyme.hu<\/a><\/p>\n<\/div><\/div><\/div><\/div><\/div>","protected":false},"excerpt":{"rendered":"","protected":false},"author":4,"featured_media":0,"parent":0,"menu_order":0,"comment_status":"closed","ping_status":"closed","template":"100-width.php","meta":{"_monsterinsights_skip_tracking":false,"_monsterinsights_sitenote_active":false,"_monsterinsights_sitenote_note":"","_monsterinsights_sitenote_category":0,"footnotes":""},"class_list":["post-2871","page","type-page","status-publish","hentry"],"aioseo_notices":[],"_links":{"self":[{"href":"https:\/\/www.ppdexpo.hu\/en\/wp-json\/wp\/v2\/pages\/2871","targetHints":{"allow":["GET"]}}],"collection":[{"href":"https:\/\/www.ppdexpo.hu\/en\/wp-json\/wp\/v2\/pages"}],"about":[{"href":"https:\/\/www.ppdexpo.hu\/en\/wp-json\/wp\/v2\/types\/page"}],"author":[{"embeddable":true,"href":"https:\/\/www.ppdexpo.hu\/en\/wp-json\/wp\/v2\/users\/4"}],"replies":[{"embeddable":true,"href":"https:\/\/www.ppdexpo.hu\/en\/wp-json\/wp\/v2\/comments?post=2871"}],"version-history":[{"count":12,"href":"https:\/\/www.ppdexpo.hu\/en\/wp-json\/wp\/v2\/pages\/2871\/revisions"}],"predecessor-version":[{"id":3354,"href":"https:\/\/www.ppdexpo.hu\/en\/wp-json\/wp\/v2\/pages\/2871\/revisions\/3354"}],"wp:attachment":[{"href":"https:\/\/www.ppdexpo.hu\/en\/wp-json\/wp\/v2\/media?parent=2871"}],"curies":[{"name":"wp","href":"https:\/\/api.w.org\/{rel}","templated":true}]}}